{"id":2919,"date":"2025-04-28T11:51:44","date_gmt":"2025-04-28T09:51:44","guid":{"rendered":"https:\/\/excoventa.es\/?page_id=2919"},"modified":"2025-04-28T11:54:17","modified_gmt":"2025-04-28T09:54:17","slug":"politica-de-privacidad","status":"publish","type":"page","link":"https:\/\/excoventa.es\/en\/politica-de-privacidad\/","title":{"rendered":"Privacy policy"},"content":{"rendered":"<p>[et_pb_section fb_built=\u00bb1&#8243; admin_label=\u00bbAbout Us\u00bb _builder_version=\u00bb4.16&#8243; global_colors_info=\u00bb{}\u00bb][et_pb_row _builder_version=\u00bb4.16&#8243; global_colors_info=\u00bb{}\u00bb][et_pb_column type=\u00bb4_4&#8243; _builder_version=\u00bb4.16&#8243; custom_padding=\u00bb|||\u00bb global_colors_info=\u00bb{}\u00bb custom_padding__hover=\u00bb|||\u00bb][et_pb_text _builder_version=\u00bb4.22.1&#8243; text_font=\u00bb||||||||\u00bb header_font=\u00bb||||||||\u00bb header_2_font=\u00bbRubik|700|||||||\u00bb header_2_font_size=\u00bb42px\u00bb header_2_line_height=\u00bb1.2em\u00bb text_orientation=\u00bbcenter\u00bb module_alignment=\u00bbcenter\u00bb custom_margin=\u00bb|||\u00bb custom_padding=\u00bb|||\u00bb hover_enabled=\u00bb0&#8243; header_2_font_size_tablet=\u00bb\u00bb header_2_font_size_phone=\u00bb36px\u00bb header_2_font_size_last_edited=\u00bbon|phone\u00bb locked=\u00bboff\u00bb global_colors_info=\u00bb{}\u00bb sticky_enabled=\u00bb0&#8243;]<\/p>\n<h2>Privacy policy<\/h2>\n<p>[\/et_pb_text][et_pb_divider color=\u00bb#ffb400&#8243; divider_position=\u00bbcenter\u00bb divider_weight=\u00bb5px\u00bb _builder_version=\u00bb4.16&#8243; max_width=\u00bb50px\u00bb module_alignment=\u00bbcenter\u00bb locked=\u00bboff\u00bb global_colors_info=\u00bb{}\u00bb][\/et_pb_divider][\/et_pb_column][\/et_pb_row][et_pb_row _builder_version=\u00bb4.22.1&#8243; global_colors_info=\u00bb{}\u00bb][et_pb_column type=\u00bb4_4&#8243; _builder_version=\u00bb4.16&#8243; custom_padding=\u00bb|||\u00bb global_colors_info=\u00bb{}\u00bb custom_padding__hover=\u00bb|||\u00bb][et_pb_text _builder_version=\u00bb4.22.1&#8243; text_font=\u00bb||||||||\u00bb text_font_size=\u00bb15px\u00bb text_line_height=\u00bb1.8em\u00bb custom_padding=\u00bb|||\u00bb custom_padding_tablet=\u00bb|40px||40px||true\u00bb custom_padding_last_edited=\u00bboff|desktop\u00bb global_colors_info=\u00bb{}\u00bb]<\/p>\n<p>El titular del Sitio Web<span> <a href=\"https:\/\/excoventa.es\/en\/\">www.excoventa.es<\/a> <\/span><a href=\"http:\/\/www.cofersapalencia.com\/\"><span><\/span><\/a>EXCOVENTA 3, S.L., as\u00ed como el titular y responsable de los tratamientos con la informaci\u00f3n de car\u00e1cter personal suministrada voluntariamente por sus usuarios habiendo adoptado todas las medidas de seguridad requeridas legalmente para la protecci\u00f3n de los datos y la intimidad de sus usuarios.<\/p>\n<p>El tratamiento de los datos personales que se realiza a trav\u00e9s del presente Sitio Web cumple con lo establecido en el Reglamento 2016\/679, General de Protecci\u00f3n de Datos, en la Ley Org\u00e1nica 3\/2018, de 5 de diciembre, de Protecci\u00f3n de Datos Personales y Garant\u00eda de los Derechos Digitales y con las medidas de seguridad que le sean de aplicaci\u00f3n.<\/p>\n<p>&nbsp;<\/p>\n<ol>\n<li><strong>Derecho de Informaci\u00f3n<\/strong><\/li>\n<\/ol>\n<p><strong>\u00a0<\/strong>Si el usuario decide solicitar informaci\u00f3n en nuestro Sitio Web, se solicitar\u00e1n los datos estrictamente necesarios para la consecuci\u00f3n del fin al cual est\u00e1 destinado nuestro Sitio Web, que es el de la informaci\u00f3n y promoci\u00f3n de nuestros servicios, todos ellos disponibles en nuestro Web. En ning\u00fan caso ser\u00e1n utilizados para finalidades distintas de aquellas para las que han sido voluntariamente introducidos en el Web.<\/p>\n<p>Los datos personales que el usuario nos proporcione pasar\u00e1n a formar parte de un tratamiento de datos de car\u00e1cter personal. Dichos datos personales ser\u00e1n objeto de tratamiento, que declara conocer al hacer clic en el bot\u00f3n \u201cENVIAR\u201d y podr\u00e1 ejercitar sus derechos siempre que lo desee.<\/p>\n<p>Los que voluntariamente faciliten sus datos al titular del Web por cualquiera de los medios establecidos al efecto en cada momento, consienten y aceptan conocer de modo expreso, preciso e inequ\u00edvoco por haber hecho clic en la casilla correspondiente, los siguientes aspectos:<\/p>\n<p>&nbsp;<\/p>\n<p>1.1 El RESPONSABLE del tratamiento es EXCOVENTA 3, S.L.<\/p>\n<p>1.2 Los FINES del tratamiento se delimitan a:<\/p>\n<ul>\n<li>la gesti\u00f3n de la petici\u00f3n, solicitud o consulta, y el mantenimiento de las relaciones entre el Web y sus usuarios.<\/li>\n<\/ul>\n<ul>\n<li>Autorizaci\u00f3n inequ\u00edvoca sobre que puedan utilizarse los datos facilitados para remitirle, por cualquier medio de comunicaci\u00f3n, incluidos los electr\u00f3nicos, comunicaciones comerciales, con informaci\u00f3n de inter\u00e9s, y comunicaciones recordatorio, siempre que haya marcado la casilla correspondiente o haya manifestado, por cualquier medio, de modo inequ\u00edvoco su autorizaci\u00f3n.<\/li>\n<\/ul>\n<ul>\n<li>informaci\u00f3n para el uso de las cookies para las finalidades concretas y espec\u00edficas informadas en todo momento en esta pol\u00edtica de privacidad.<\/li>\n<\/ul>\n<p>1.3 La\u00a0<strong>BASE JUR\u00cdDICA<\/strong>\u00a0para el tratamiento se basa en la relaci\u00f3n establecida, en el cumplimiento de obligaciones legales, en el inter\u00e9s leg\u00edtimo en caso de personas de contacto de personas jur\u00eddicas y en su consentimiento inequ\u00edvoco, en caso de haberse prestado. Le informamos de que puede revocar su consentimiento en todo momento, a trav\u00e9s de un medio f\u00e1cil y sencillo. En caso en que se trate de personas de contacto de una persona jur\u00eddica, la base jur\u00eddica del tratamiento es el inter\u00e9s leg\u00edtimo de esta entidad en el mantenimiento de las relaciones con dicha persona jur\u00eddica.<\/p>\n<p>1.4 Le informamos que el\u00a0<strong>PLAZO DE CONSERVACI\u00d3N<\/strong>\u00a0de sus datos ser\u00e1 el de la vigencia del contrato y tras su finalizaci\u00f3n, en el caso en que sea determinado por la Ley, mientras perdure la obligaci\u00f3n de conservaci\u00f3n y en su caso durante el plazo de prescripci\u00f3n de las acciones correspondientes. CONSERVAREMOS sus datos en el caso en que la base jur\u00eddica sea el consentimiento mientras no revoque su autorizaci\u00f3n, y una vez revocada, se fijar\u00e1 seg\u00fan el criterio de agotar los plazos de prescripci\u00f3n de acciones.<\/p>\n<p>1.5<strong>\u00a0DESTINATARIOS<\/strong>: no se prev\u00e9n destinatarios de sus datos, salvo obligaci\u00f3n legal (agencia tributaria, entidades bancarias)<\/p>\n<p>1.6 Le garantizamos sus\u00a0<strong>DERECHOS<\/strong>\u00a0de acceder, rectificar o suprimir sus datos, as\u00ed como su derecho de limitaci\u00f3n o portabilidad, seg\u00fan la informaci\u00f3n restante que se ofrece en esta Pol\u00edtica de Privacidad.<\/p>\n<p>&nbsp;<\/p>\n<ol start=\"3\">\n<li><strong>Informaci\u00f3n sobre los usuarios<\/strong><\/li>\n<\/ol>\n<p>\u00a0S\u00ed registramos sus datos de IP (Internet Protocol) asignado al abonado titular de la l\u00ednea telef\u00f3nica en el momento de la conexi\u00f3n con el presente Web, para la finalidad de seguridad y colaboraci\u00f3n con la Justicia. Los datos ser\u00e1n conservados por el prestador de servicios el tiempo marcado por la legislaci\u00f3n vigente.<\/p>\n<p>\u00a0<strong>Derechos de Acceso, Rectificaci\u00f3n, Oposici\u00f3n, Supresi\u00f3n, Limitaci\u00f3n, a no ser objeto de decisiones automatizadas y Portabilidad<\/strong><\/p>\n<p>\u00a0En cualquier momento, el usuario tiene derecho a acceder a su informaci\u00f3n, a rectificarla si sus datos son err\u00f3neos, a oponerse a alg\u00fan tipo de tratamiento asociado al mantenimiento de la relaci\u00f3n contractual, a revocar el consentimiento otorgado, a solicitar la limitaci\u00f3n o supresi\u00f3n de su tratamiento, a no verse sometido a decisiones automatizadas, a su derecho de portabilidad y a darse de baja de los servicios de este responsable del tratamiento.<\/p>\n<p>\u00a0Estos derechos pueden hacerse efectivos previa acreditaci\u00f3n de la personalidad en las formas y en los plazos establecidos en el Reglamento General de Protecci\u00f3n de Datos, dirigiendo un escrito a la a la direcci\u00f3n postal que figura en el Aviso legal del Web. Puede ejercitar reclamaciones ante la Autoridad de control.<\/p>\n<p>\u00a0El tratamiento de los datos personales y el env\u00edo de comunicaciones por medios electr\u00f3nicos, en su caso, est\u00e1n ajustados a la normativa establecida en El Reglamento General de Protecci\u00f3n de Datos, la Ley Org\u00e1nica de Protecci\u00f3n de Datos de Car\u00e1cter Personal en vigor y en la Ley 34\/2002, de 11 de julio, de Servicios de la Sociedad de la Informaci\u00f3n y de Comercio Electr\u00f3nico.<\/p>\n<p>&nbsp;<\/p>\n<ol start=\"4\">\n<li><strong>Informaci\u00f3n restante sobre protecci\u00f3n de datos:<\/strong><\/li>\n<\/ol>\n<p><strong>CLIENTES<\/strong><\/p>\n<p>El responsable del tratamiento es: COFERSA 2000, S.A. Los datos personales van a ser tratados para la finalidad de GESTI\u00d3N DE CLIENTES, ALQUILER, MANTENIMIENTO, COBROS.<\/p>\n<p>El criterio establecido para la conservaci\u00f3n de sus datos es el plazo de prescripci\u00f3n de acciones.<\/p>\n<p>La base jur\u00eddica del tratamiento es el contrato celebrado, el cumplimiento de una obligaci\u00f3n legal, el inter\u00e9s leg\u00edtimo en el caso de las personas de contacto de las personas jur\u00eddicas, y el consentimiento, en su caso, revocable en cualquier momento.<\/p>\n<p>Los destinatarios de sus datos es la administraci\u00f3n tributaria y entidades bancarias, en su caso.<\/p>\n<p>Tiene a su disposici\u00f3n el ejercicio de los derechos de acceso incluido el derecho a obtener copia de los datos personales objeto de tratamiento, rectificaci\u00f3n, oposici\u00f3n, supresi\u00f3n o borrado en su caso, portabilidad y limitaci\u00f3n del tratamiento, mediante un escrito ante el responsable del tratamiento a la siguiente direcci\u00f3n: Avda. Comunidad Europea 26, Palencia 34004, Tel. 979165545, E-mail: <a href=\"mailto:info@excoventa.es\">info@excoventa.es<\/a>\u00a0Tiene derecho a presentar una reclamaci\u00f3n ante la autoridad de control.<\/p>\n<p><strong>REDES SOCIALES<\/strong><\/p>\n<p>Informaci\u00f3n sobre protecci\u00f3n de datos. Los datos de su perfil y todos aquellos suministrados por usted pasan a formar parte de un tratamiento de datos y se le tendr\u00e1 por persona interesada en nuestra empresa. Usted debe saber y al hacerse amigo o seguidor del perfil o cuenta de la empresa que los datos que usted tenga en abierto podr\u00e1n ser tratados por nosotros para la finalidad de informaci\u00f3n sobre la misma o sobre servicios que pueda prestar. Sus datos tambi\u00e9n podr\u00e1n ser consultados por otros miembros que se hayan hecho amigos o agregado a esta empresa, siendo usted quien puede decidir su grado de privacidad en la red social. El\u00a0<strong>responsable del tratamiento<\/strong> es: EXCOVENTA 3, S.L. La base jur\u00eddica es el consentimiento, que usted asume una vez que ha decidido formar parte de la cuenta, consentimiento que puede revocar en cualquier momento. Tiene derecho a presentar una reclamaci\u00f3n ante la autoridad de control. No se conservar\u00e1n sus datos una vez que usted haya decidido no formar parte de la red, cuenta o perfil de esta entidad. En caso en que desee ejercitar los derechos de acceso incluido el derecho a obtener copia de los datos personales objeto de tratamiento, rectificaci\u00f3n, oposici\u00f3n, supresi\u00f3n o borrado en su caso, portabilidad y limitaci\u00f3n del tratamiento, dir\u00edjase por escrito a Avda. Comunidad Europea 26, Palencia 34004, Tel. 979165545, E-mail: <a href=\"mailto:info@excoventa.es\">info@excoventa.es<\/a>, tiene derecho a presentar una reclamaci\u00f3n ante la autoridad de control.\u201d<\/p>\n<p><strong>VIDEOVIGILANCIA<\/strong><\/p>\n<p>De conformidad con lo dispuesto en la normativa vigente de Protecci\u00f3n de Datos de Car\u00e1cter Personal, EXCOVENTA 3, S.l. le informa:<\/p>\n<ol>\n<li>Que sus datos personales se incorporar\u00e1n al tratamiento denominado VIDEOVIGILANCIA y ser\u00e1n tratados con la finalidad de seguridad a trav\u00e9s de un sistema de videovigilancia. El plazo de conservaci\u00f3n es de un mes. La base jur\u00eddica del tratamiento es el inter\u00e9s leg\u00edtimo.<\/li>\n<li>Que sus datos pueden ser cedidos a Juzgados y Tribunales o a los Cuerpos y Fuerzas de Seguridad del Estado.<\/li>\n<li>Que puede ejercitar sus derechos de acceso incluido el derecho a obtener copia de los datos personales objeto de tratamiento, rectificaci\u00f3n, oposici\u00f3n, cancelaci\u00f3n o borrado en su caso y limitaci\u00f3n del tratamiento ante el responsable del tratamiento.<\/li>\n<li>Que el responsable del tratamiento es EXCOVENTA 3, Avda. Comunidad Europea 26, Palencia 34004, Tel. 979165545, E-mail: info@excoventa.es.<\/li>\n<\/ol>\n<p><strong>CANDIDATOS\u00a0<\/strong><\/p>\n<p>Le informamos de que sus datos personales pasar\u00e1n a formar parte del tratamiento de Candidatos para la finalidad de gesti\u00f3n de candidatos a puestos de trabajo que puedan ser ofertados. Sus datos podr\u00e1n ser utilizados con la \u00fanica finalidad de su participaci\u00f3n en los procesos de selecci\u00f3n de personal realizados por esta empresa. En el caso de producirse alguna modificaci\u00f3n en sus datos, debe comunicarlo por escrito. El criterio establecido para la conservaci\u00f3n de sus datos es el plazo de prescripci\u00f3n de acciones. La base jur\u00eddica del tratamiento nace del consentimiento otorgado. Puede presentar una reclamaci\u00f3n ante la autoridad de control. Tiene a su disposici\u00f3n el ejercicio de los derechos de acceso incluido el derecho a obtener copia de los datos personales objeto de tratamiento, rectificaci\u00f3n, oposici\u00f3n, supresi\u00f3n o borrado en su caso, portabilidad y limitaci\u00f3n del tratamiento, mediante un escrito ante el responsable del tratamiento a la siguiente direcci\u00f3n, EXCOVENTA 3, S.L., Avda. Comunidad Europea 26, Palencia 34004, Tel. 979165545, E-mail: info@excoventa.es.<\/p>\n<p>Agradecemos la confianza depositada y aprovechamos la ocasi\u00f3n para saludarle atentamente.<\/p>\n<p>[\/et_pb_text][\/et_pb_column][\/et_pb_row][\/et_pb_section]<\/p>","protected":false},"excerpt":{"rendered":"<p>Pol\u00edtica de PrivacidadEl titular del Sitio Web www.excoventa.es EXCOVENTA 3, S.L., as\u00ed como el titular y responsable de los tratamientos con la informaci\u00f3n de car\u00e1cter personal suministrada voluntariamente por sus usuarios habiendo adoptado todas las medidas de seguridad requeridas legalmente para la protecci\u00f3n de los datos y la intimidad de sus usuarios. El tratamiento de [&hellip;]<\/p>","protected":false},"author":1,"featured_media":0,"parent":0,"menu_order":0,"comment_status":"closed","ping_status":"closed","template":"","meta":{"_et_pb_use_builder":"on","_et_pb_old_content":"","_et_gb_content_width":"","footnotes":""},"class_list":["post-2919","page","type-page","status-publish","hentry"],"yoast_head":"<!-- This site is optimized with the Yoast SEO plugin v24.9 - https:\/\/yoast.com\/wordpress\/plugins\/seo\/ -->\n<title>Pol\u00edtica de Privacidad - Excoventa<\/title>\n<meta name=\"robots\" content=\"index, follow, max-snippet:-1, max-image-preview:large, max-video-preview:-1\" \/>\n<link rel=\"canonical\" href=\"https:\/\/excoventa.es\/en\/politica-de-privacidad\/\" \/>\n<meta property=\"og:locale\" content=\"en_GB\" \/>\n<meta property=\"og:type\" content=\"article\" \/>\n<meta property=\"og:title\" content=\"Pol\u00edtica de Privacidad - Excoventa\" \/>\n<meta property=\"og:description\" content=\"Pol\u00edtica de PrivacidadEl titular del Sitio Web www.excoventa.es EXCOVENTA 3, S.L., as\u00ed como el titular y responsable de los tratamientos con la informaci\u00f3n de car\u00e1cter personal suministrada voluntariamente por sus usuarios habiendo adoptado todas las medidas de seguridad requeridas legalmente para la protecci\u00f3n de los datos y la intimidad de sus usuarios. El tratamiento de [&hellip;]\" \/>\n<meta property=\"og:url\" content=\"https:\/\/excoventa.es\/en\/politica-de-privacidad\/\" \/>\n<meta property=\"og:site_name\" content=\"Excoventa\" \/>\n<meta property=\"article:modified_time\" content=\"2025-04-28T09:54:17+00:00\" \/>\n<meta name=\"twitter:card\" content=\"summary_large_image\" \/>\n<meta name=\"twitter:label1\" content=\"Est. reading time\" \/>\n\t<meta name=\"twitter:data1\" content=\"10 minutes\" \/>\n<script type=\"application\/ld+json\" class=\"yoast-schema-graph\">{\"@context\":\"https:\/\/schema.org\",\"@graph\":[{\"@type\":\"WebPage\",\"@id\":\"https:\/\/excoventa.es\/politica-de-privacidad\/\",\"url\":\"https:\/\/excoventa.es\/politica-de-privacidad\/\",\"name\":\"Pol\u00edtica de Privacidad - Excoventa\",\"isPartOf\":{\"@id\":\"https:\/\/excoventa.es\/#website\"},\"datePublished\":\"2025-04-28T09:51:44+00:00\",\"dateModified\":\"2025-04-28T09:54:17+00:00\",\"breadcrumb\":{\"@id\":\"https:\/\/excoventa.es\/politica-de-privacidad\/#breadcrumb\"},\"inLanguage\":\"en-GB\",\"potentialAction\":[{\"@type\":\"ReadAction\",\"target\":[\"https:\/\/excoventa.es\/politica-de-privacidad\/\"]}]},{\"@type\":\"BreadcrumbList\",\"@id\":\"https:\/\/excoventa.es\/politica-de-privacidad\/#breadcrumb\",\"itemListElement\":[{\"@type\":\"ListItem\",\"position\":1,\"name\":\"Portada\",\"item\":\"https:\/\/excoventa.es\/\"},{\"@type\":\"ListItem\",\"position\":2,\"name\":\"Pol\u00edtica de Privacidad\"}]},{\"@type\":\"WebSite\",\"@id\":\"https:\/\/excoventa.es\/#website\",\"url\":\"https:\/\/excoventa.es\/\",\"name\":\"Excoventa\",\"description\":\"Comercio al por mayor y menor de menaje, ferreteria, adorno, maquinaria y equipamiento para la construcci\u00f3n.\",\"publisher\":{\"@id\":\"https:\/\/excoventa.es\/#organization\"},\"potentialAction\":[{\"@type\":\"SearchAction\",\"target\":{\"@type\":\"EntryPoint\",\"urlTemplate\":\"https:\/\/excoventa.es\/?s={search_term_string}\"},\"query-input\":{\"@type\":\"PropertyValueSpecification\",\"valueRequired\":true,\"valueName\":\"search_term_string\"}}],\"inLanguage\":\"en-GB\"},{\"@type\":\"Organization\",\"@id\":\"https:\/\/excoventa.es\/#organization\",\"name\":\"Excoventa\",\"url\":\"https:\/\/excoventa.es\/\",\"logo\":{\"@type\":\"ImageObject\",\"inLanguage\":\"en-GB\",\"@id\":\"https:\/\/excoventa.es\/#\/schema\/logo\/image\/\",\"url\":\"https:\/\/excoventa.es\/wp-content\/uploads\/2025\/04\/Mesa-de-trabajo-1.png\",\"contentUrl\":\"https:\/\/excoventa.es\/wp-content\/uploads\/2025\/04\/Mesa-de-trabajo-1.png\",\"width\":518,\"height\":84,\"caption\":\"Excoventa\"},\"image\":{\"@id\":\"https:\/\/excoventa.es\/#\/schema\/logo\/image\/\"}}]}<\/script>\n<!-- \/ Yoast SEO plugin. -->","yoast_head_json":{"title":"Pol\u00edtica de Privacidad - Excoventa","robots":{"index":"index","follow":"follow","max-snippet":"max-snippet:-1","max-image-preview":"max-image-preview:large","max-video-preview":"max-video-preview:-1"},"canonical":"https:\/\/excoventa.es\/en\/politica-de-privacidad\/","og_locale":"en_GB","og_type":"article","og_title":"Pol\u00edtica de Privacidad - Excoventa","og_description":"Pol\u00edtica de PrivacidadEl titular del Sitio Web www.excoventa.es EXCOVENTA 3, S.L., as\u00ed como el titular y responsable de los tratamientos con la informaci\u00f3n de car\u00e1cter personal suministrada voluntariamente por sus usuarios habiendo adoptado todas las medidas de seguridad requeridas legalmente para la protecci\u00f3n de los datos y la intimidad de sus usuarios. El tratamiento de [&hellip;]","og_url":"https:\/\/excoventa.es\/en\/politica-de-privacidad\/","og_site_name":"Excoventa","article_modified_time":"2025-04-28T09:54:17+00:00","twitter_card":"summary_large_image","twitter_misc":{"Est. reading time":"10 minutes"},"schema":{"@context":"https:\/\/schema.org","@graph":[{"@type":"WebPage","@id":"https:\/\/excoventa.es\/politica-de-privacidad\/","url":"https:\/\/excoventa.es\/politica-de-privacidad\/","name":"Pol\u00edtica de Privacidad - Excoventa","isPartOf":{"@id":"https:\/\/excoventa.es\/#website"},"datePublished":"2025-04-28T09:51:44+00:00","dateModified":"2025-04-28T09:54:17+00:00","breadcrumb":{"@id":"https:\/\/excoventa.es\/politica-de-privacidad\/#breadcrumb"},"inLanguage":"en-GB","potentialAction":[{"@type":"ReadAction","target":["https:\/\/excoventa.es\/politica-de-privacidad\/"]}]},{"@type":"BreadcrumbList","@id":"https:\/\/excoventa.es\/politica-de-privacidad\/#breadcrumb","itemListElement":[{"@type":"ListItem","position":1,"name":"Portada","item":"https:\/\/excoventa.es\/"},{"@type":"ListItem","position":2,"name":"Pol\u00edtica de Privacidad"}]},{"@type":"WebSite","@id":"https:\/\/excoventa.es\/#website","url":"https:\/\/excoventa.es\/","name":"Excoventa","description":"Comercio al por mayor y menor de menaje, ferreteria, adorno, maquinaria y equipamiento para la construcci\u00f3n.","publisher":{"@id":"https:\/\/excoventa.es\/#organization"},"potentialAction":[{"@type":"SearchAction","target":{"@type":"EntryPoint","urlTemplate":"https:\/\/excoventa.es\/?s={search_term_string}"},"query-input":{"@type":"PropertyValueSpecification","valueRequired":true,"valueName":"search_term_string"}}],"inLanguage":"en-GB"},{"@type":"Organization","@id":"https:\/\/excoventa.es\/#organization","name":"Excoventa","url":"https:\/\/excoventa.es\/","logo":{"@type":"ImageObject","inLanguage":"en-GB","@id":"https:\/\/excoventa.es\/#\/schema\/logo\/image\/","url":"https:\/\/excoventa.es\/wp-content\/uploads\/2025\/04\/Mesa-de-trabajo-1.png","contentUrl":"https:\/\/excoventa.es\/wp-content\/uploads\/2025\/04\/Mesa-de-trabajo-1.png","width":518,"height":84,"caption":"Excoventa"},"image":{"@id":"https:\/\/excoventa.es\/#\/schema\/logo\/image\/"}}]}},"_links":{"self":[{"href":"https:\/\/excoventa.es\/en\/wp-json\/wp\/v2\/pages\/2919","targetHints":{"allow":["GET"]}}],"collection":[{"href":"https:\/\/excoventa.es\/en\/wp-json\/wp\/v2\/pages"}],"about":[{"href":"https:\/\/excoventa.es\/en\/wp-json\/wp\/v2\/types\/page"}],"author":[{"embeddable":true,"href":"https:\/\/excoventa.es\/en\/wp-json\/wp\/v2\/users\/1"}],"replies":[{"embeddable":true,"href":"https:\/\/excoventa.es\/en\/wp-json\/wp\/v2\/comments?post=2919"}],"version-history":[{"count":3,"href":"https:\/\/excoventa.es\/en\/wp-json\/wp\/v2\/pages\/2919\/revisions"}],"predecessor-version":[{"id":2925,"href":"https:\/\/excoventa.es\/en\/wp-json\/wp\/v2\/pages\/2919\/revisions\/2925"}],"wp:attachment":[{"href":"https:\/\/excoventa.es\/en\/wp-json\/wp\/v2\/media?parent=2919"}],"curies":[{"name":"wp","href":"https:\/\/api.w.org\/{rel}","templated":true}]}}